{"id":131,"date":"2024-08-22T09:55:22","date_gmt":"2024-08-22T07:55:22","guid":{"rendered":"http:\/\/www2.borkum-weinrich.de\/?page_id=131"},"modified":"2024-08-22T09:55:22","modified_gmt":"2024-08-22T07:55:22","slug":"borkum-infos","status":"publish","type":"page","link":"http:\/\/www.borkum-weinrich.de\/index.php\/borkum-infos\/","title":{"rendered":"Borkum Infos"},"content":{"rendered":"\n<p>Links f\u00fcr Ihren Aufenthalt<\/p>\n\n\n\n<p><a href=\"http:\/\/www.borkum.de\">Borkum die Website<\/a><br><a href=\"http:\/\/www.gezeitenland.de\">zum Gezeitenland<\/a><br><a href=\"https:\/\/www.wetteronline.de\/Niedersachsen\/Borkum.htm\">Wetter<\/a><br><a href=\"https:\/\/www.ag-ems.de\/fahrplan\">Fahrpl\u00e4ne F\u00e4hre\/Katamaran<br><\/a><a href=\"https:\/\/www.wetter.com\/hd-live-webcams\/deutschland\/insel-borkum-ostfriesland-gezeitenland\/550166eb67048\/\">HD Webcam Gezeitenland<\/a><\/p>\n\n\n\n<p><\/p>\n","protected":false},"excerpt":{"rendered":"<p>Links f\u00fcr Ihren Aufenthalt Borkum die Websitezum GezeitenlandWetterFahrpl\u00e4ne F\u00e4hre\/KatamaranHD Webcam Gezeitenland<\/p>\n","protected":false},"author":1,"featured_media":74,"parent":0,"menu_order":0,"comment_status":"closed","ping_status":"closed","template":"","meta":{"_kad_post_transparent":"","_kad_post_title":"","_kad_post_layout":"","_kad_post_sidebar_id":"","_kad_post_content_style":"","_kad_post_vertical_padding":"","_kad_post_feature":"","_kad_post_feature_position":"","_kad_post_header":false,"_kad_post_footer":false,"footnotes":""},"class_list":["post-131","page","type-page","status-publish","has-post-thumbnail","hentry"],"_links":{"self":[{"href":"http:\/\/www.borkum-weinrich.de\/index.php\/wp-json\/wp\/v2\/pages\/131"}],"collection":[{"href":"http:\/\/www.borkum-weinrich.de\/index.php\/wp-json\/wp\/v2\/pages"}],"about":[{"href":"http:\/\/www.borkum-weinrich.de\/index.php\/wp-json\/wp\/v2\/types\/page"}],"author":[{"embeddable":true,"href":"http:\/\/www.borkum-weinrich.de\/index.php\/wp-json\/wp\/v2\/users\/1"}],"replies":[{"embeddable":true,"href":"http:\/\/www.borkum-weinrich.de\/index.php\/wp-json\/wp\/v2\/comments?post=131"}],"version-history":[{"count":1,"href":"http:\/\/www.borkum-weinrich.de\/index.php\/wp-json\/wp\/v2\/pages\/131\/revisions"}],"predecessor-version":[{"id":132,"href":"http:\/\/www.borkum-weinrich.de\/index.php\/wp-json\/wp\/v2\/pages\/131\/revisions\/132"}],"wp:featuredmedia":[{"embeddable":true,"href":"http:\/\/www.borkum-weinrich.de\/index.php\/wp-json\/wp\/v2\/media\/74"}],"wp:attachment":[{"href":"http:\/\/www.borkum-weinrich.de\/index.php\/wp-json\/wp\/v2\/media?parent=131"}],"curies":[{"name":"wp","href":"https:\/\/api.w.org\/{rel}","templated":true}]}}